{"id":385,"date":"2024-03-04T19:08:48","date_gmt":"2024-03-04T19:08:48","guid":{"rendered":"https:\/\/demo.divi-pixel.com\/interior-design\/?page_id=385"},"modified":"2024-12-18T15:58:17","modified_gmt":"2024-12-18T15:58:17","slug":"fotografia-antigua","status":"publish","type":"page","link":"https:\/\/www.guixensfotografia.com\/ca\/fotografia-antigua\/","title":{"rendered":"Fotografia antiga"},"content":{"rendered":"[et_pb_section fb_built=\u00bb1&#8243; custom_padding_last_edited=\u00bbon|tablet\u00bb _builder_version=\u00bb4.27.0&#8243; _module_preset=\u00bbdefault\u00bb use_background_color_gradient=\u00bbon\u00bb background_color_gradient_stops=\u00bbrgba(0,0,0,0.4) 42%|#000000 100%\u00bb background_color_gradient_overlays_image=\u00bbon\u00bb background_image=\u00bbhttps:\/\/www.guixensfotografia.com\/wp-content\/uploads\/2024\/10\/Diseno-sin-titulo-24.png\u00bb custom_margin=\u00bb-120px||||false|false\u00bb custom_margin_tablet=\u00bb-90px||||false|false\u00bb custom_margin_phone=\u00bb-90px||||false|false\u00bb custom_margin_last_edited=\u00bbon|phone\u00bb custom_padding=\u00bb150px||||false|false\u00bb custom_padding_tablet=\u00bb250px||||false|false\u00bb custom_padding_phone=\u00bb120px||||false|false\u00bb hover_enabled=\u00bb0&#8243; global_colors_info=\u00bb{}\u00bb sticky_enabled=\u00bb0&#8243;][et_pb_row make_equal=\u00bbon\u00bb _builder_version=\u00bb4.27.0&#8243; _module_preset=\u00bbdefault\u00bb width=\u00bb85%\u00bb custom_padding=\u00bb||0px||false|false\u00bb animation_style=\u00bbslide\u00bb animation_direction=\u00bbtop\u00bb animation_duration=\u00bb1400ms\u00bb animation_delay=\u00bb150ms\u00bb animation_intensity_slide=\u00bb2%\u00bb custom_css_main_element=\u00bbalign-items:flex-end;\u00bb global_colors_info=\u00bb{}\u00bb custom_css_before_last_edited=\u00bboff|desktop\u00bb custom_css_before_tablet=\u00bbcontent:URL(&#8216;https:\/\/www.guixensfotografia.com\/wp-content\/uploads\/2024\/03\/id-scroll-down.svg&#8217;);||position:absolute;||width:14px;||right:0px;||bottom:0;\u00bb custom_css_before_phone=\u00bbcontent:URL(&#8216;https:\/\/www.guixensfotografia.com\/wp-content\/uploads\/2024\/03\/id-scroll-down.svg&#8217;);||position:absolute;||width:14px;||right:0px;||bottom:0;\u00bb][et_pb_column type=\u00bb4_4&#8243; _builder_version=\u00bb4.20.2&#8243; _module_preset=\u00bbdefault\u00bb global_colors_info=\u00bb{}\u00bb][et_pb_text _builder_version=\u00bb4.27.0&#8243; _module_preset=\u00bbdefault\u00bb header_font=\u00bbUrbanist||||||||\u00bb header_text_align=\u00bbcenter\u00bb header_text_color=\u00bb#FFFFFF\u00bb header_font_size=\u00bb70px\u00bb header_letter_spacing=\u00bb-3px\u00bb header_line_height=\u00bb1.2em\u00bb custom_margin=\u00bb||10px||false|false\u00bb custom_margin_tablet=\u00bb||10px||false|false\u00bb custom_margin_phone=\u00bb||0px||false|false\u00bb custom_margin_last_edited=\u00bbon|phone\u00bb header_font_size_tablet=\u00bb65px\u00bb header_font_size_phone=\u00bb40px\u00bb header_font_size_last_edited=\u00bbon|phone\u00bb header_letter_spacing_tablet=\u00bb-3px\u00bb header_letter_spacing_phone=\u00bb-2px\u00bb header_letter_spacing_last_edited=\u00bbon|phone\u00bb global_colors_info=\u00bb{}\u00bb]<h1>Fotografies Antigues<\/h1>[\/et_pb_text][dipi_breadcrumbs bc_items_alignment=\u00bbdipi-bc-center\u00bb bc_separator_color=\u00bbrgba(255,255,255,0.7)\u00bb _builder_version=\u00bb4.27.0&#8243; _module_preset=\u00bbdefault\u00bb items_font=\u00bbUrbanist||||||||\u00bb items_text_color=\u00bbrgba(255,255,255,0.7)\u00bb items_font_size=\u00bb15px\u00bb hover_text_color=\u00bb#FFFFFF\u00bb active_text_color=\u00bb#FFFFFF\u00bb global_colors_info=\u00bb{}\u00bb][\/dipi_breadcrumbs][et_pb_text _builder_version=\u00bb4.27.0&#8243; _module_preset=\u00bbdefault\u00bb text_font=\u00bbUrbanist||||||||\u00bb text_text_color=\u00bb#FFFFFF\u00bb text_font_size=\u00bb24px\u00bb text_line_height=\u00bb1.3em\u00bb text_orientation=\u00bbcenter\u00bb hover_enabled=\u00bb0&#8243; global_colors_info=\u00bb{}\u00bb text_font_size_last_edited=\u00bbon|phone\u00bb text_font_size_phone=\u00bb18px\u00bb sticky_enabled=\u00bb0&#8243; text_font_size_tablet=\u00bb24px\u00bb]<p>&#034;Cada imatge \u00e9s un fragment de la nostra hist\u00f2ria,<br \/>disposat a ser part de la teva.&#034;<br \/>\u2013 Joan G\u00fcixens<\/p>[\/et_pb_text][\/et_pb_column][\/et_pb_row][\/et_pb_section][et_pb_section fb_built=\u00bb1&#8243; _builder_version=\u00bb4.27.0&#8243; _module_preset=\u00bbdefault\u00bb custom_padding=\u00bb0px||0px||true|false\u00bb global_colors_info=\u00bb{}\u00bb][et_pb_row use_custom_gutter=\u00bbon\u00bb gutter_width=\u00bb2&#8243; make_equal=\u00bbon\u00bb _builder_version=\u00bb4.27.0&#8243; _module_preset=\u00bbdefault\u00bb width=\u00bb100%\u00bb max_width=\u00bb100%\u00bb min_height=\u00bb823.1px\u00bb custom_margin=\u00bb||||false|false\u00bb custom_padding=\u00bb0px||0px||true|false\u00bb global_colors_info=\u00bb{}\u00bb][et_pb_column type=\u00bb4_4&#8243; _builder_version=\u00bb4.20.2&#8243; _module_preset=\u00bbdefault\u00bb global_colors_info=\u00bb{}\u00bb][dipi_filterable_gallery include_term_ids=\u00bb37&#8243; show_all_filter=\u00bboff\u00bb grid_layout=\u00bbgrid\u00bb columns=\u00bb3&#8243; use_thumbnails=\u00bbon\u00bb _builder_version=\u00bb4.27.0&#8243; _module_preset=\u00bbdefault\u00bb hover_enabled=\u00bb0&#8243; global_colors_info=\u00bb{}\u00bb columns_last_edited=\u00bbon|phone\u00bb columns_phone=\u00bb1&#8243; sticky_enabled=\u00bb0&#8243; columns_tablet=\u00bb3&#8243;][\/dipi_filterable_gallery][\/et_pb_column][\/et_pb_row][\/et_pb_section][et_pb_section fb_built=\u00bb1&#8243; _builder_version=\u00bb4.27.0&#8243; _module_preset=\u00bbdefault\u00bb background_color=\u00bb#000000&#8243; use_background_color_gradient=\u00bbon\u00bb background_color_gradient_stops=\u00bbrgba(0,0,0,0.47) 25%|#000000 91%\u00bb background_color_gradient_overlays_image=\u00bbon\u00bb background_enable_image=\u00bboff\u00bb custom_padding=\u00bb30px||30px||true|false\u00bb locked=\u00bboff\u00bb global_colors_info=\u00bb{}\u00bb][et_pb_row _builder_version=\u00bb4.27.0&#8243; _module_preset=\u00bbdefault\u00bb width=\u00bb85%\u00bb animation_style=\u00bbfade\u00bb animation_duration=\u00bb1400ms\u00bb animation_delay=\u00bb150ms\u00bb global_colors_info=\u00bb{}\u00bb][et_pb_column type=\u00bb4_4&#8243; _builder_version=\u00bb4.20.2&#8243; _module_preset=\u00bbdefault\u00bb global_colors_info=\u00bb{}\u00bb][et_pb_text _builder_version=\u00bb4.27.0&#8243; _module_preset=\u00bbdefault\u00bb text_font=\u00bbUrbanist||||||||\u00bb text_text_color=\u00bb#FFFFFF\u00bb text_font_size=\u00bb21px\u00bb header_2_font=\u00bbUrbanist||||||||\u00bb header_2_text_align=\u00bbcenter\u00bb header_2_text_color=\u00bb#FFFFFF\u00bb header_2_font_size=\u00bb35px\u00bb header_2_letter_spacing=\u00bb-1px\u00bb header_2_line_height=\u00bb1.3em\u00bb text_orientation=\u00bbcenter\u00bb max_width=\u00bb600px\u00bb module_alignment=\u00bbcenter\u00bb custom_margin=\u00bb||||false|false\u00bb hover_enabled=\u00bb0&#8243; header_2_font_size_tablet=\u00bb35px\u00bb header_2_font_size_phone=\u00bb35px\u00bb header_2_font_size_last_edited=\u00bbon|phone\u00bb locked=\u00bboff\u00bb global_colors_info=\u00bb{}\u00bb text_font_size_last_edited=\u00bbon|phone\u00bb text_font_size_phone=\u00bb18px\u00bb sticky_enabled=\u00bb0&#8243; text_font_size_tablet=\u00bb21px\u00bb]<p>Testimonis del passat a les generacions, aquestes obres conserven la seva autenticitat i l&#039;ess\u00e8ncia intactes al llarg dels anys. Aporten un toc d&#039;eleg\u00e0ncia i el car\u00e0cter \u00fanic, adaptant-se amb versatilitat per a qualsevol cantonada.<\/p>[\/et_pb_text][\/et_pb_column][\/et_pb_row][\/et_pb_section][et_pb_section fb_built=\u00bb1&#8243; _builder_version=\u00bb4.27.0&#8243; _module_preset=\u00bbdefault\u00bb background_color=\u00bb#FAFAFA\u00bb custom_margin=\u00bb||0px||false|false\u00bb custom_padding=\u00bb61px||0px||false|false\u00bb hover_enabled=\u00bb0&#8243; locked=\u00bboff\u00bb global_colors_info=\u00bb{}\u00bb custom_margin_last_edited=\u00bbon|phone\u00bb custom_margin_phone=\u00bb||50px||false|false\u00bb sticky_enabled=\u00bb0&#8243; custom_margin_tablet=\u00bb||0px||false|false\u00bb][et_pb_row column_structure=\u00bb2_3,1_3&#8243; use_custom_gutter=\u00bbon\u00bb gutter_width=\u00bb2&#8243; make_equal=\u00bbon\u00bb custom_padding_last_edited=\u00bbon|tablet\u00bb _builder_version=\u00bb4.27.0&#8243; _module_preset=\u00bbdefault\u00bb background_enable_color=\u00bboff\u00bb width=\u00bb85%\u00bb custom_margin=\u00bb||20px||false|false\u00bb custom_padding=\u00bb0px||5px||false|false\u00bb custom_padding_tablet=\u00bb0px||||false|false\u00bb custom_padding_phone=\u00bb0px||||false|false\u00bb hover_enabled=\u00bb0&#8243; global_colors_info=\u00bb{}\u00bb sticky_enabled=\u00bb0&#8243;][et_pb_column type=\u00bb2_3&#8243; _builder_version=\u00bb4.27.0&#8243; _module_preset=\u00bbdefault\u00bb z_index=\u00bb11&#8243; global_colors_info=\u00bb{}\u00bb][et_pb_image src=\u00bbhttps:\/\/www.guixensfotografia.com\/wp-content\/uploads\/2024\/11\/Guixens-13.webp\u00bb title_text=\u00bbGuixens\u00bb _builder_version=\u00bb4.27.0&#8243; _module_preset=\u00bbdefault\u00bb global_colors_info=\u00bb{}\u00bb][\/et_pb_image][\/et_pb_column][et_pb_column type=\u00bb1_3&#8243; _builder_version=\u00bb4.27.0&#8243; _module_preset=\u00bbdefault\u00bb animation_style=\u00bbslide\u00bb animation_direction=\u00bbleft\u00bb animation_duration=\u00bb1400ms\u00bb animation_intensity_slide=\u00bb5%\u00bb hover_enabled=\u00bb0&#8243; global_colors_info=\u00bb{}\u00bb sticky_enabled=\u00bb0&#8243;][et_pb_text _builder_version=\u00bb4.27.0&#8243; _module_preset=\u00bbdefault\u00bb text_font=\u00bbUrbanist||||||||\u00bb text_text_color=\u00bb#000000&#8243; text_font_size=\u00bb18px\u00bb text_line_height=\u00bb1.6em\u00bb custom_margin=\u00bb80px||18px||false|false\u00bb hover_enabled=\u00bb0&#8243; text_font_size_tablet=\u00bb25px\u00bb text_font_size_phone=\u00bb18px\u00bb text_font_size_last_edited=\u00bbon|phone\u00bb global_colors_info=\u00bb{}\u00bb custom_margin_last_edited=\u00bbon|phone\u00bb custom_margin_phone=\u00bb20px||0px||false|false\u00bb sticky_enabled=\u00bb0&#8243; custom_margin_tablet=\u00bb80px||18px||false|false\u00bb]<h2>Tela i Mesures<\/h2>[\/et_pb_text][et_pb_text _builder_version=\u00bb4.27.0&#8243; _module_preset=\u00bbdefault\u00bb text_font=\u00bbUrbanist||||||||\u00bb text_text_color=\u00bb#000000&#8243; text_font_size=\u00bb18px\u00bb text_line_height=\u00bb1.6em\u00bb custom_margin=\u00bb||50px||false|false\u00bb hover_enabled=\u00bb0&#8243; text_font_size_tablet=\u00bb25px\u00bb text_font_size_phone=\u00bb16px\u00bb text_font_size_last_edited=\u00bbon|phone\u00bb global_colors_info=\u00bb{}\u00bb sticky_enabled=\u00bb0&#8243;]<p>A partir de 25\u00d735 cm fins a 1 metre d&#039;amplada, acabats sobre tela notable per la seva pres\u00e8ncia en qualsevol espai, fins i tot admetent que les creacions de grans dimensions plens d&#039;hist\u00f2ria a cada cantonada.<\/p>[\/et_pb_text][\/et_pb_column][\/et_pb_row][et_pb_row column_structure=\u00bb3_5,2_5&#8243; use_custom_gutter=\u00bbon\u00bb gutter_width=\u00bb2&#8243; make_equal=\u00bbon\u00bb custom_padding_last_edited=\u00bbon|tablet\u00bb _builder_version=\u00bb4.27.0&#8243; _module_preset=\u00bbdefault\u00bb background_enable_color=\u00bboff\u00bb width=\u00bb85%\u00bb custom_margin=\u00bb||20px||false|false\u00bb custom_padding=\u00bb0px||||false|false\u00bb custom_padding_tablet=\u00bb0px||||false|false\u00bb custom_padding_phone=\u00bb0px||||false|false\u00bb hover_enabled=\u00bb0&#8243; global_colors_info=\u00bb{}\u00bb sticky_enabled=\u00bb0&#8243;][et_pb_column type=\u00bb3_5&#8243; _builder_version=\u00bb4.27.0&#8243; _module_preset=\u00bbdefault\u00bb animation_style=\u00bbslide\u00bb animation_direction=\u00bbleft\u00bb animation_duration=\u00bb1400ms\u00bb animation_intensity_slide=\u00bb5%\u00bb global_colors_info=\u00bb{}\u00bb][et_pb_text _builder_version=\u00bb4.27.0&#8243; _module_preset=\u00bbdefault\u00bb text_font=\u00bbUrbanist||||||||\u00bb text_text_color=\u00bb#000000&#8243; text_font_size=\u00bb18px\u00bb text_line_height=\u00bb1.6em\u00bb header_2_text_align=\u00bbright\u00bb custom_margin=\u00bb80px||18px||false|false\u00bb hover_enabled=\u00bb0&#8243; text_font_size_tablet=\u00bb25px\u00bb text_font_size_phone=\u00bb18px\u00bb text_font_size_last_edited=\u00bbon|phone\u00bb global_colors_info=\u00bb{}\u00bb custom_margin_last_edited=\u00bbon|phone\u00bb custom_margin_phone=\u00bb0px||18px||false|false\u00bb sticky_enabled=\u00bb0&#8243; custom_margin_tablet=\u00bb80px||18px||false|false\u00bb]<h2>Mides i Acabats<\/h2>[\/et_pb_text][et_pb_text _builder_version=\u00bb4.27.0&#8243; _module_preset=\u00bbdefault\u00bb text_font=\u00bbUrbanist||||||||\u00bb text_text_color=\u00bb#000000&#8243; text_font_size=\u00bb18px\u00bb text_line_height=\u00bb1.6em\u00bb text_orientation=\u00bbright\u00bb max_width=\u00bb71%\u00bb module_alignment=\u00bbright\u00bb custom_margin=\u00bb||50px||false|false\u00bb hover_enabled=\u00bb0&#8243; text_font_size_tablet=\u00bb25px\u00bb text_font_size_phone=\u00bb16px\u00bb text_font_size_last_edited=\u00bbon|phone\u00bb global_colors_info=\u00bb{}\u00bb max_width_last_edited=\u00bbon|phone\u00bb max_width_phone=\u00bb100%\u00bb sticky_enabled=\u00bb0&#8243; max_width_tablet=\u00bb71%\u00bb]<p>Amb mides 30\u00d745 cm, 40 x 60 cm i 30\u00d760 cm, emmarcat imatges oferir un toc cl\u00e0ssic i elegant. Recomanem formats moderat per mantenir un perfecte equilibri entre el pes i l&#039;est\u00e8tica..<\/p>[\/et_pb_text][\/et_pb_column][et_pb_column type=\u00bb2_5&#8243; _builder_version=\u00bb4.27.0&#8243; _module_preset=\u00bbdefault\u00bb z_index=\u00bb11&#8243; global_colors_info=\u00bb{}\u00bb][et_pb_image src=\u00bbhttps:\/\/www.guixensfotografia.com\/wp-content\/uploads\/2024\/11\/Guixens-12.webp\u00bb title_text=\u00bbGuixens-12&#8243; align=\u00bbright\u00bb _builder_version=\u00bb4.27.0&#8243; _module_preset=\u00bbdefault\u00bb global_colors_info=\u00bb{}\u00bb][\/et_pb_image][\/et_pb_column][\/et_pb_row][et_pb_row column_structure=\u00bb2_3,1_3&#8243; use_custom_gutter=\u00bbon\u00bb gutter_width=\u00bb2&#8243; make_equal=\u00bbon\u00bb custom_padding_last_edited=\u00bbon|tablet\u00bb _builder_version=\u00bb4.27.0&#8243; _module_preset=\u00bbdefault\u00bb background_enable_color=\u00bboff\u00bb width=\u00bb85%\u00bb custom_margin=\u00bb||20px||false|false\u00bb custom_padding=\u00bb0px||5px||false|false\u00bb custom_padding_tablet=\u00bb0px||||false|false\u00bb custom_padding_phone=\u00bb0px||||false|false\u00bb global_colors_info=\u00bb{}\u00bb][et_pb_column type=\u00bb2_3&#8243; _builder_version=\u00bb4.27.0&#8243; _module_preset=\u00bbdefault\u00bb z_index=\u00bb11&#8243; global_colors_info=\u00bb{}\u00bb][et_pb_image src=\u00bbhttps:\/\/www.guixensfotografia.com\/wp-content\/uploads\/2024\/11\/Guixens-02.webp\u00bb title_text=\u00bbGuixens-02&#8243; _builder_version=\u00bb4.27.0&#8243; _module_preset=\u00bbdefault\u00bb global_colors_info=\u00bb{}\u00bb][\/et_pb_image][\/et_pb_column][et_pb_column type=\u00bb1_3&#8243; _builder_version=\u00bb4.27.0&#8243; _module_preset=\u00bbdefault\u00bb animation_style=\u00bbslide\u00bb animation_direction=\u00bbleft\u00bb animation_duration=\u00bb1400ms\u00bb animation_intensity_slide=\u00bb5%\u00bb global_colors_info=\u00bb{}\u00bb][et_pb_text _builder_version=\u00bb4.27.0&#8243; _module_preset=\u00bbdefault\u00bb text_font=\u00bbUrbanist||||||||\u00bb text_text_color=\u00bb#000000&#8243; text_font_size=\u00bb18px\u00bb text_line_height=\u00bb1.6em\u00bb custom_margin=\u00bb75px||23px||false|false\u00bb hover_enabled=\u00bb0&#8243; text_font_size_tablet=\u00bb25px\u00bb text_font_size_phone=\u00bb16px\u00bb text_font_size_last_edited=\u00bbon|phone\u00bb global_colors_info=\u00bb{}\u00bb custom_margin_last_edited=\u00bbon|phone\u00bb custom_margin_phone=\u00bb0px||23px||false|false\u00bb sticky_enabled=\u00bb0&#8243; custom_margin_tablet=\u00bb75px||23px||false|false\u00bb]<p>Disposem d&#039;un arxiu de m\u00e9s de 1.000 \u00fanic fotografies. Escriure per a nosaltres i \u00e9s el que<br \/>esteu buscant.<\/p>[\/et_pb_text][et_pb_button button_url=\u00bb@ET-DC@eyJkeW5hbWljIjp0cnVlLCJjb250ZW50IjoicG9zdF9saW5rX3VybF9wYWdlIiwic2V0dGluZ3MiOnsicG9zdF9pZCI6IjQ2NjcifX0=@\u00bb button_text=\u00bbCont\u00e1ctanos\u00bb _builder_version=\u00bb4.27.0&#8243; _dynamic_attributes=\u00bbbutton_url\u00bb _module_preset=\u00bbdefault\u00bb custom_button=\u00bbon\u00bb button_text_size=\u00bb16px\u00bb button_text_color=\u00bb#990D2B\u00bb button_bg_color=\u00bbRGBA(255,255,255,0)\u00bb button_border_width=\u00bb0px\u00bb button_font=\u00bb|||on|||||\u00bb button_on_hover=\u00bboff\u00bb custom_padding=\u00bb0px|0px|0px|0px|true|true\u00bb hover_enabled=\u00bb0&#8243; global_colors_info=\u00bb{}\u00bb sticky_enabled=\u00bb0&#8243;][\/et_pb_button][\/et_pb_column][\/et_pb_row][\/et_pb_section]","protected":false},"excerpt":{"rendered":"<p>Fotografies Antigues<div class=\"et_pb_module dipi_breadcrumbs dipi_breadcrumbs_0\">\n\t\t\t\t\n\t\t\t\t\n\t\t\t\t\n\t\t\t\t\n\t\t\t\t\n\t\t\t\t\n\t\t\t\t<div class=\"et_pb_module_inner\">\n\t\t\t\t\t<div class=\"dipi-breadcrumbs dipi-bc-center\">\n                <ul >\n                    \n                                                        <li  class=\"dipi-breadcrumb-item dipi-breadcrumb-home\">\n\n                                                    <a  href=\"https:\/\/www.guixensfotografia.com\/ca\">\n                                <span  content=\"Home\">\n                                                                        G\u00fcixens                                <\/span>\n                            <\/a>\n\n                                                <meta itemprop=\"position\" content=\"1\"\/>                    <\/li>\n\n                    <li class=\"dipi-breadcrumb-separator\">\n                    <span class=\"et-pb-icon dipi-separator-icon\">$<\/span>\n                <\/li>                            \n                <\/ul>\n            <\/div>\n\t\t\t\t<\/div>\n\t\t\t<\/div>\u201cCada imagen es un pedazo de nuestra historia,listo para formar parte de la tuya.\u201d- Joan G\u00fcixens<div class=\"et_pb_module dipi_filterable_gallery dipi_filterable_gallery_0\">\n\t\t\t\t\n\t\t\t\t\n\t\t\t\t\n\t\t\t\t\n\t\t\t\t\n\t\t\t\t\n\t\t\t\t<div class=\"et_pb_module_inner\">\n\t\t\t\t\t<div class=\"dipi_filterable_gallery_wrapper layout_grid\" data-config=\"{&quot;infinite_scroll_viewport&quot;:&quot;25%&quot;}\">\n                <div class=\"dipi-filter-bar\" data-items-count=\"1\">\n                \n                <div class=\"dipi-filter-bar-item dipi-filter-bar-item-0 active\"\n                    data-index=\"0\"\n                    data-term=\"Fotograf\u00eda Antigua\"\n                >\n                    <div class=\"dipi-filter-bar-item-title\">\n                        <div class=\"dipi-filter-bar-name\">Fotografia Antiga<\/div>\n                        \n                    <\/div>\n                    <div class=\"dipi-filter-bar-item-desc\"><\/div>\n                <\/div>\n                \n            <\/div>\n           \n            <div\n                class=\"dipi-filtered-gallery-container\"\n                data-items-count=\"1\"\n            >\n                \n                <div\n                    class=\"dipi-filtered-gallery-item                        dipi-filtered-gallery-item-0                        active                        animated                        none\"\n                    data-index=\"0\"\n                    data-term=\"Fotograf\u00eda Antigua\"\n                    data-count=\"3\"\n                    data-anim=\"none\"\n                    \n                >\n                    <div class=\"grid show_lightbox show_lightbox_tablet show_lightbox_phone hide_overlay  animated none\" data-lazy=\"false\" data-config=\"{&quot;grid_layout&quot;:&quot;grid&quot;}\">\n                        <div class=\"grid-sizer\"><\/div><div class=\"gutter-sizer\"><\/div><div class=\"grid-item\" >\n                        \n                            <div class=\"img-container dipi-fg-animation dipi-fg-none\" href=\"https:\/\/www.guixensfotografia.com\/wp-content\/uploads\/2024\/10\/30X45-copia-122-scaled.webp\">\n                                <img decoding=\"async\" src=\"https:\/\/www.guixensfotografia.com\/wp-content\/uploads\/2024\/10\/30X45-copia-122-scaled.webp\"\n                                    alt=\"\"\n                                    srcset=\"https:\/\/www.guixensfotografia.com\/wp-content\/uploads\/2024\/10\/30X45-copia-122-scaled.webp 768w, https:\/\/www.guixensfotografia.com\/wp-content\/uploads\/2024\/10\/30X45-copia-122-scaled.webp 980w, https:\/\/www.guixensfotografia.com\/wp-content\/uploads\/2024\/10\/30X45-copia-122-scaled.webp 1024w\"\n                                    sizes=\"(max-width: 768px) 768px, (max-width: 980px) 980px, 1024px\"\n                                    loading=\"lazy\"\n                                \/>\n                                <span class=\"dipi_filterable_gallery_overlay background\"><\/span>\n                    <span class=\"dipi_filterable_gallery_overlay background-hover\"><\/span>\n                    <span class=\"dipi_filterable_gallery_overlay content\" style=\"transition-duration: 0ms;\">\n                        \n                        \n                        \n                        \n                    <\/span>\n                            <\/div>\n                        \n                        \n                            <div class=\"dipi-grid-item-content\">\n                        \n                        \n                        \n                    <\/div>\n                        \n                    <\/div><div class=\"grid-item\" >\n                        \n                            <div class=\"img-container dipi-fg-animation dipi-fg-none\" href=\"https:\/\/www.guixensfotografia.com\/wp-content\/uploads\/2024\/10\/30X45-copia-16-scaled.webp\">\n                                <img decoding=\"async\" src=\"https:\/\/www.guixensfotografia.com\/wp-content\/uploads\/2024\/10\/30X45-copia-16-scaled.webp\"\n                                    alt=\"\"\n                                    srcset=\"https:\/\/www.guixensfotografia.com\/wp-content\/uploads\/2024\/10\/30X45-copia-16-scaled.webp 768w, https:\/\/www.guixensfotografia.com\/wp-content\/uploads\/2024\/10\/30X45-copia-16-scaled.webp 980w, https:\/\/www.guixensfotografia.com\/wp-content\/uploads\/2024\/10\/30X45-copia-16-scaled.webp 1024w\"\n                                    sizes=\"(max-width: 768px) 768px, (max-width: 980px) 980px, 1024px\"\n                                    loading=\"lazy\"\n                                \/>\n                                <span class=\"dipi_filterable_gallery_overlay background\"><\/span>\n                    <span class=\"dipi_filterable_gallery_overlay background-hover\"><\/span>\n                    <span class=\"dipi_filterable_gallery_overlay content\" style=\"transition-duration: 0ms;\">\n                        \n                        \n                        \n                        \n                    <\/span>\n                            <\/div>\n                        \n                        \n                            <div class=\"dipi-grid-item-content\">\n                        \n                        \n                        \n                    <\/div>\n                        \n                    <\/div><div class=\"grid-item\" >\n                        \n                            <div class=\"img-container dipi-fg-animation dipi-fg-none\" href=\"https:\/\/www.guixensfotografia.com\/wp-content\/uploads\/2024\/10\/30x40-s-scaled.webp\">\n                                <img decoding=\"async\" src=\"https:\/\/www.guixensfotografia.com\/wp-content\/uploads\/2024\/10\/30x40-s-scaled.webp\"\n                                    alt=\"\"\n                                    srcset=\"https:\/\/www.guixensfotografia.com\/wp-content\/uploads\/2024\/10\/30x40-s-scaled.webp 768w, https:\/\/www.guixensfotografia.com\/wp-content\/uploads\/2024\/10\/30x40-s-scaled.webp 980w, https:\/\/www.guixensfotografia.com\/wp-content\/uploads\/2024\/10\/30x40-s-scaled.webp 1024w\"\n                                    sizes=\"(max-width: 768px) 768px, (max-width: 980px) 980px, 1024px\"\n                                    loading=\"lazy\"\n                                \/>\n                                <span class=\"dipi_filterable_gallery_overlay background\"><\/span>\n                    <span class=\"dipi_filterable_gallery_overlay background-hover\"><\/span>\n                    <span class=\"dipi_filterable_gallery_overlay content\" style=\"transition-duration: 0ms;\">\n                        \n                        \n                        \n                        \n                    <\/span>\n                            <\/div>\n                        \n                        \n                            <div class=\"dipi-grid-item-content\">\n                        \n                        \n                        \n                    <\/div>\n                        \n                    <\/div>\n                    <\/div>\n                    \n                <\/div>\n             <\/div>\n            <\/div>\n           \n\t\t\t\t<\/div>\n\t\t\t<\/div>Testigos de generaciones pasadas, estas obras conservan su autenticidad y esencia intacta a lo largo de los a\u00f1os. Aportan un toque de elegancia y car\u00e1cter \u00fanico, adapt\u00e1ndose con versatilidad a cualquier rinc\u00f3n.Lienzos y MedidasDesde 25\u00d735 cm hasta 1 metro de ancho, los acabados en lienzo destacan por su presencia en cualquier espacio, permitiendo incluso creaciones de gran tama\u00f1o que llenan de historia cada rinc\u00f3n.Tama\u00f1os y AcabadosCon tama\u00f1os de 30\u00d745 cm, 40\u00d760 cm y 30\u00d760 cm, las im\u00e1genes enmarcadas ofrecen un toque cl\u00e1sico y elegante. Recomendamos formatos moderados para mantener un equilibrio perfecto entre peso y est\u00e9tica..Disponemos de un archivo de m\u00e1s de 1.000 fotograf\u00edas \u00fanicas. Escr\u00edbenos y encuentra justo loque buscas.<\/p>","protected":false},"author":1,"featured_media":0,"parent":0,"menu_order":0,"comment_status":"closed","ping_status":"closed","template":"","meta":{"_et_pb_use_builder":"on","_et_pb_old_content":"","_et_gb_content_width":"","footnotes":""},"dipi_cpt_category":[],"class_list":["post-385","page","type-page","status-publish","hentry"],"_links":{"self":[{"href":"https:\/\/www.guixensfotografia.com\/ca\/wp-json\/wp\/v2\/pages\/385","targetHints":{"allow":["GET"]}}],"collection":[{"href":"https:\/\/www.guixensfotografia.com\/ca\/wp-json\/wp\/v2\/pages"}],"about":[{"href":"https:\/\/www.guixensfotografia.com\/ca\/wp-json\/wp\/v2\/types\/page"}],"author":[{"embeddable":true,"href":"https:\/\/www.guixensfotografia.com\/ca\/wp-json\/wp\/v2\/users\/1"}],"replies":[{"embeddable":true,"href":"https:\/\/www.guixensfotografia.com\/ca\/wp-json\/wp\/v2\/comments?post=385"}],"version-history":[{"count":33,"href":"https:\/\/www.guixensfotografia.com\/ca\/wp-json\/wp\/v2\/pages\/385\/revisions"}],"predecessor-version":[{"id":4945,"href":"https:\/\/www.guixensfotografia.com\/ca\/wp-json\/wp\/v2\/pages\/385\/revisions\/4945"}],"wp:attachment":[{"href":"https:\/\/www.guixensfotografia.com\/ca\/wp-json\/wp\/v2\/media?parent=385"}],"wp:term":[{"taxonomy":"dipi_cpt_category","embeddable":true,"href":"https:\/\/www.guixensfotografia.com\/ca\/wp-json\/wp\/v2\/dipi_cpt_category?post=385"}],"curies":[{"name":"wp","href":"https:\/\/api.w.org\/{rel}","templated":true}]}}